{"id":74,"date":"2019-01-06T19:06:37","date_gmt":"2019-01-06T18:06:37","guid":{"rendered":"http:\/\/proactivity.sk\/?page_id=74"},"modified":"2019-10-19T07:39:44","modified_gmt":"2019-10-19T05:39:44","slug":"predbezny-sylabus-studia","status":"publish","type":"page","link":"https:\/\/proactivity.sk\/?page_id=74","title":{"rendered":"Predbe\u017en\u00fd sylabus \u0161t\u00fadia"},"content":{"rendered":"\n<p>V pr\u00edprave&#8230; <\/p>\n\n\n\n<p><strong>\u0160tudijn\u00fd odbor:&nbsp;\nI. ro\u010dn\u00edk \u2013 Zdrav\u00fd \u017eivotn\u00fd \u0161t\u00fdl<\/strong><\/p>\n\n\n\n<p><strong>Zimn\u00fd semester<\/strong><\/p>\n\n\n\n<table class=\"wp-block-table is-style-stripes\"><tbody><tr><td><\/td><td>11.11.  2019<\/td><td>  <strong>POHYBOV\u00c1 GRAMOTNOS\u0164 I.<\/strong> <br> (Z\u00e1klady anat\u00f3mie, fyziol\u00f3gia pohybu, \u00a0<br>ako spr\u00e1vnym pohybom eliminova\u0165 zdravotne probl\u00e9my) <br><em>Mgr. Michal Rafajdus. PhD. MPH.<\/em><\/td><td><\/td><td><\/td><\/tr><tr><td><\/td><td>18.11. 2019<\/td><td> <strong>POHYBOV\u00c1 GRAMOTNOS\u0164 II.<\/strong><br> (Spr\u00e1vne pohybov\u00e9 n\u00e1vyky, spr\u00e1vne dr\u017eanie tela, svalov\u00e9 dysbalancie, svalov\u00e9 re\u0165azce, degenerat\u00edvne ochorenia pohybov\u00e9ho apar\u00e1tu) <br> <em>Mgr. Michal Rafajdus. PhD. MPH.<\/em> <\/td><td><\/td><td><\/td><\/tr><tr><td><\/td><td>25.11 2019<\/td><td><strong>ERGON\u00d3MIA<\/strong><br>(Pohybov\u00e9   za\u0165a\u017eenie pracovnom a\u00a0dom\u00e1com prostred\u00ed) <br> <em>Mgr. Machajov\u00e1 Michaela, PhD.   <\/em>   <\/td><td><\/td><td><\/td><\/tr><tr><td><\/td><td>2.12.   2019<\/td><td><strong>OCHORENIE OHROZUJ\u00daCE \u010cLOVEKA V\u00a021. Storo\u010d\u00ed I.<\/strong> <br>( Civiliza\u010dn\u00e9 choroby) <br><em> Prof. MUDr. Juraj Hromec, CSc. <\/em><\/td><td><\/td><td><\/td><\/tr><tr><td><\/td><td>9.12.  2019<\/td><td><strong>OCHORENIE OHROZUJ\u00daCE \u010cLOVEKA V\u00a021. Storo\u010d\u00ed II.<\/strong> <br>( Civiliza\u010dn\u00e9 choroby) <br> <em>Prof. MUDr. Juraj Hromec, CSc. <\/em> <\/td><td><\/td><td><\/td><\/tr><tr><td><\/td><td>16.12. 2019<\/td><td><strong>ORTOMOLEKUL\u00c1RNA MEDIC\u00cdNA<\/strong> <br>(\u010do to je, mo\u017enosti prevencie a lie\u010dby viacer\u00fdch z\u00e1va\u017en\u00fdch ochoren\u00ed) <br> <em>Prof. MUDr. Juraj Hromec, CSc. <\/em> <\/td><td><\/td><td><\/td><\/tr><tr><td><\/td><td><\/td><td><\/td><td><\/td><td><\/td><\/tr><\/tbody><\/table>\n\n\n\n<p><strong>Letn\u00fd semester<\/strong><\/p>\n","protected":false},"excerpt":{"rendered":"<p>V pr\u00edprave&#8230; \u0160tudijn\u00fd odbor:&nbsp; I. ro\u010dn\u00edk \u2013 Zdrav\u00fd \u017eivotn\u00fd \u0161t\u00fdl Zimn\u00fd semester 11.11. 2019 POHYBOV\u00c1 GRAMOTNOS\u0164 I. (Z\u00e1klady anat\u00f3mie, fyziol\u00f3gia pohybu, \u00a0ako spr\u00e1vnym pohybom eliminova\u0165 zdravotne probl\u00e9my) Mgr. Michal Rafajdus. PhD. MPH. 18.11. 2019 POHYBOV\u00c1 GRAMOTNOS\u0164 II. (Spr\u00e1vne pohybov\u00e9 n\u00e1vyky, spr\u00e1vne dr\u017eanie tela, svalov\u00e9 dysbalancie, svalov\u00e9 re\u0165azce, degenerat\u00edvne ochorenia pohybov\u00e9ho apar\u00e1tu) Mgr. Michal Rafajdus. PhD. &hellip; <\/p>\n<p class=\"link-more\"><a href=\"https:\/\/proactivity.sk\/?page_id=74\" class=\"more-link\">Pokra\u010dova\u0165 v \u010d\u00edtan\u00ed<span class=\"screen-reader-text\"> &#8222;Predbe\u017en\u00fd sylabus \u0161t\u00fadia&#8220;<\/span><\/a><\/p>\n","protected":false},"author":1,"featured_media":0,"parent":0,"menu_order":3,"comment_status":"closed","ping_status":"closed","template":"","meta":{"_monsterinsights_skip_tracking":false,"_monsterinsights_sitenote_active":false,"_monsterinsights_sitenote_note":"","_monsterinsights_sitenote_category":0},"yoast_head":"<!-- This site is optimized with the Yoast SEO plugin v17.2 - https:\/\/yoast.com\/wordpress\/plugins\/seo\/ -->\n<title>Predbe\u017en\u00fd sylabus \u0161t\u00fadia -<\/title>\n<meta name=\"robots\" content=\"index, follow, max-snippet:-1, max-image-preview:large, max-video-preview:-1\" \/>\n<link rel=\"canonical\" href=\"https:\/\/proactivity.sk\/?page_id=74\" \/>\n<meta property=\"og:locale\" content=\"sk_SK\" \/>\n<meta property=\"og:type\" content=\"article\" \/>\n<meta property=\"og:title\" content=\"Predbe\u017en\u00fd sylabus \u0161t\u00fadia -\" \/>\n<meta property=\"og:description\" content=\"V pr\u00edprave&#8230; \u0160tudijn\u00fd odbor:&nbsp; I. ro\u010dn\u00edk \u2013 Zdrav\u00fd \u017eivotn\u00fd \u0161t\u00fdl Zimn\u00fd semester 11.11. 2019 POHYBOV\u00c1 GRAMOTNOS\u0164 I. (Z\u00e1klady anat\u00f3mie, fyziol\u00f3gia pohybu, \u00a0ako spr\u00e1vnym pohybom eliminova\u0165 zdravotne probl\u00e9my) Mgr. Michal Rafajdus. PhD. MPH. 18.11. 2019 POHYBOV\u00c1 GRAMOTNOS\u0164 II. (Spr\u00e1vne pohybov\u00e9 n\u00e1vyky, spr\u00e1vne dr\u017eanie tela, svalov\u00e9 dysbalancie, svalov\u00e9 re\u0165azce, degenerat\u00edvne ochorenia pohybov\u00e9ho apar\u00e1tu) Mgr. Michal Rafajdus. PhD. &hellip; Pokra\u010dova\u0165 v \u010d\u00edtan\u00ed &quot;Predbe\u017en\u00fd sylabus \u0161t\u00fadia&quot;\" \/>\n<meta property=\"og:url\" content=\"https:\/\/proactivity.sk\/?page_id=74\" \/>\n<meta property=\"article:modified_time\" content=\"2019-10-19T05:39:44+00:00\" \/>\n<meta name=\"twitter:card\" content=\"summary_large_image\" \/>\n<meta name=\"twitter:label1\" content=\"Predpokladan\u00fd \u010das \u010d\u00edtania\" \/>\n\t<meta name=\"twitter:data1\" content=\"1 min\u00fata\" \/>\n<script type=\"application\/ld+json\" class=\"yoast-schema-graph\">{\"@context\":\"https:\/\/schema.org\",\"@graph\":[{\"@type\":\"WebSite\",\"@id\":\"https:\/\/proactivity.sk\/#website\",\"url\":\"https:\/\/proactivity.sk\/\",\"name\":\"\",\"description\":\"Vedomos\\u0165 dok\\u00e1\\u017ee zlep\\u0161i\\u0165 na\\u0161e zdravie\",\"potentialAction\":[{\"@type\":\"SearchAction\",\"target\":{\"@type\":\"EntryPoint\",\"urlTemplate\":\"https:\/\/proactivity.sk\/?s={search_term_string}\"},\"query-input\":\"required name=search_term_string\"}],\"inLanguage\":\"sk-SK\"},{\"@type\":\"WebPage\",\"@id\":\"https:\/\/proactivity.sk\/?page_id=74#webpage\",\"url\":\"https:\/\/proactivity.sk\/?page_id=74\",\"name\":\"Predbe\\u017en\\u00fd sylabus \\u0161t\\u00fadia -\",\"isPartOf\":{\"@id\":\"https:\/\/proactivity.sk\/#website\"},\"datePublished\":\"2019-01-06T18:06:37+00:00\",\"dateModified\":\"2019-10-19T05:39:44+00:00\",\"breadcrumb\":{\"@id\":\"https:\/\/proactivity.sk\/?page_id=74#breadcrumb\"},\"inLanguage\":\"sk-SK\",\"potentialAction\":[{\"@type\":\"ReadAction\",\"target\":[\"https:\/\/proactivity.sk\/?page_id=74\"]}]},{\"@type\":\"BreadcrumbList\",\"@id\":\"https:\/\/proactivity.sk\/?page_id=74#breadcrumb\",\"itemListElement\":[{\"@type\":\"ListItem\",\"position\":1,\"name\":\"Home\",\"item\":\"https:\/\/proactivity.sk\/\"},{\"@type\":\"ListItem\",\"position\":2,\"name\":\"Predbe\\u017en\\u00fd sylabus \\u0161t\\u00fadia\"}]}]}<\/script>\n<!-- \/ Yoast SEO plugin. -->","yoast_head_json":{"title":"Predbe\u017en\u00fd sylabus \u0161t\u00fadia -","robots":{"index":"index","follow":"follow","max-snippet":"max-snippet:-1","max-image-preview":"max-image-preview:large","max-video-preview":"max-video-preview:-1"},"canonical":"https:\/\/proactivity.sk\/?page_id=74","og_locale":"sk_SK","og_type":"article","og_title":"Predbe\u017en\u00fd sylabus \u0161t\u00fadia -","og_description":"V pr\u00edprave&#8230; \u0160tudijn\u00fd odbor:&nbsp; I. ro\u010dn\u00edk \u2013 Zdrav\u00fd \u017eivotn\u00fd \u0161t\u00fdl Zimn\u00fd semester 11.11. 2019 POHYBOV\u00c1 GRAMOTNOS\u0164 I. (Z\u00e1klady anat\u00f3mie, fyziol\u00f3gia pohybu, \u00a0ako spr\u00e1vnym pohybom eliminova\u0165 zdravotne probl\u00e9my) Mgr. Michal Rafajdus. PhD. MPH. 18.11. 2019 POHYBOV\u00c1 GRAMOTNOS\u0164 II. (Spr\u00e1vne pohybov\u00e9 n\u00e1vyky, spr\u00e1vne dr\u017eanie tela, svalov\u00e9 dysbalancie, svalov\u00e9 re\u0165azce, degenerat\u00edvne ochorenia pohybov\u00e9ho apar\u00e1tu) Mgr. Michal Rafajdus. PhD. &hellip; Pokra\u010dova\u0165 v \u010d\u00edtan\u00ed \"Predbe\u017en\u00fd sylabus \u0161t\u00fadia\"","og_url":"https:\/\/proactivity.sk\/?page_id=74","article_modified_time":"2019-10-19T05:39:44+00:00","twitter_card":"summary_large_image","twitter_misc":{"Predpokladan\u00fd \u010das \u010d\u00edtania":"1 min\u00fata"},"schema":{"@context":"https:\/\/schema.org","@graph":[{"@type":"WebSite","@id":"https:\/\/proactivity.sk\/#website","url":"https:\/\/proactivity.sk\/","name":"","description":"Vedomos\u0165 dok\u00e1\u017ee zlep\u0161i\u0165 na\u0161e zdravie","potentialAction":[{"@type":"SearchAction","target":{"@type":"EntryPoint","urlTemplate":"https:\/\/proactivity.sk\/?s={search_term_string}"},"query-input":"required name=search_term_string"}],"inLanguage":"sk-SK"},{"@type":"WebPage","@id":"https:\/\/proactivity.sk\/?page_id=74#webpage","url":"https:\/\/proactivity.sk\/?page_id=74","name":"Predbe\u017en\u00fd sylabus \u0161t\u00fadia -","isPartOf":{"@id":"https:\/\/proactivity.sk\/#website"},"datePublished":"2019-01-06T18:06:37+00:00","dateModified":"2019-10-19T05:39:44+00:00","breadcrumb":{"@id":"https:\/\/proactivity.sk\/?page_id=74#breadcrumb"},"inLanguage":"sk-SK","potentialAction":[{"@type":"ReadAction","target":["https:\/\/proactivity.sk\/?page_id=74"]}]},{"@type":"BreadcrumbList","@id":"https:\/\/proactivity.sk\/?page_id=74#breadcrumb","itemListElement":[{"@type":"ListItem","position":1,"name":"Home","item":"https:\/\/proactivity.sk\/"},{"@type":"ListItem","position":2,"name":"Predbe\u017en\u00fd sylabus \u0161t\u00fadia"}]}]}},"_links":{"self":[{"href":"https:\/\/proactivity.sk\/index.php?rest_route=\/wp\/v2\/pages\/74"}],"collection":[{"href":"https:\/\/proactivity.sk\/index.php?rest_route=\/wp\/v2\/pages"}],"about":[{"href":"https:\/\/proactivity.sk\/index.php?rest_route=\/wp\/v2\/types\/page"}],"author":[{"embeddable":true,"href":"https:\/\/proactivity.sk\/index.php?rest_route=\/wp\/v2\/users\/1"}],"replies":[{"embeddable":true,"href":"https:\/\/proactivity.sk\/index.php?rest_route=%2Fwp%2Fv2%2Fcomments&post=74"}],"version-history":[{"count":3,"href":"https:\/\/proactivity.sk\/index.php?rest_route=\/wp\/v2\/pages\/74\/revisions"}],"predecessor-version":[{"id":136,"href":"https:\/\/proactivity.sk\/index.php?rest_route=\/wp\/v2\/pages\/74\/revisions\/136"}],"wp:attachment":[{"href":"https:\/\/proactivity.sk\/index.php?rest_route=%2Fwp%2Fv2%2Fmedia&parent=74"}],"curies":[{"name":"wp","href":"https:\/\/api.w.org\/{rel}","templated":true}]}}